{"id":39401,"date":"2023-03-02T13:38:26","date_gmt":"2023-03-02T12:38:26","guid":{"rendered":"https:\/\/sublime-clinic.ch\/surgery-and-intimate-care\/"},"modified":"2023-05-31T08:12:55","modified_gmt":"2023-05-31T06:12:55","slug":"surgery-and-intimate-care","status":"publish","type":"page","link":"https:\/\/www.sublime-clinic.com\/es\/surgery-and-intimate-care\/","title":{"rendered":"Surgery and Intimate Care"},"content":{"rendered":"\t\t<div data-elementor-type=\"wp-page\" data-elementor-id=\"39401\" class=\"elementor elementor-39401 elementor-39354\" data-elementor-post-type=\"page\">\n\t\t\t\t\t\t<section class=\"elementor-section elementor-top-section elementor-element elementor-element-07dd052 elementor-section-boxed elementor-section-height-default elementor-section-height-default\" data-id=\"07dd052\" data-element_type=\"section\" data-e-type=\"section\">\n\t\t\t\t\t\t<div class=\"elementor-container elementor-column-gap-default\">\n\t\t\t\t\t<div class=\"elementor-column elementor-col-100 elementor-top-column elementor-element elementor-element-cf46457\" data-id=\"cf46457\" data-element_type=\"column\" data-e-type=\"column\">\n\t\t\t<div class=\"elementor-widget-wrap\">\n\t\t\t\t\t\t\t<\/div>\n\t\t<\/div>\n\t\t\t\t\t<\/div>\n\t\t<\/section>\n\t\t\t\t<section class=\"elementor-section elementor-top-section elementor-element elementor-element-8a5afb2 elementor-section-boxed elementor-section-height-default elementor-section-height-default\" data-id=\"8a5afb2\" data-element_type=\"section\" data-e-type=\"section\">\n\t\t\t\t\t\t<div class=\"elementor-container elementor-column-gap-default\">\n\t\t\t\t\t<div class=\"elementor-column elementor-col-100 elementor-top-column elementor-element elementor-element-3f2675e\" data-id=\"3f2675e\" data-element_type=\"column\" data-e-type=\"column\">\n\t\t\t<div class=\"elementor-widget-wrap\">\n\t\t\t\t\t\t\t<\/div>\n\t\t<\/div>\n\t\t\t\t\t<\/div>\n\t\t<\/section>\n\t\t\t\t<section class=\"elementor-section elementor-top-section elementor-element elementor-element-58a42030 elementor-section-stretched elementor-section-boxed elementor-section-height-default elementor-section-height-default\" data-id=\"58a42030\" data-element_type=\"section\" data-e-type=\"section\" data-settings=\"{&quot;stretch_section&quot;:&quot;section-stretched&quot;}\">\n\t\t\t\t\t\t<div class=\"elementor-container elementor-column-gap-default\">\n\t\t\t\t\t<div class=\"elementor-column elementor-col-100 elementor-top-column elementor-element elementor-element-9a8f840\" data-id=\"9a8f840\" data-element_type=\"column\" data-e-type=\"column\">\n\t\t\t<div class=\"elementor-widget-wrap\">\n\t\t\t\t\t\t\t<\/div>\n\t\t<\/div>\n\t\t\t\t\t<\/div>\n\t\t<\/section>\n\t\t\t\t<section class=\"elementor-section elementor-top-section elementor-element elementor-element-9b42c12 elementor-section-height-min-height elementor-section-boxed elementor-section-height-default elementor-section-items-middle\" data-id=\"9b42c12\" data-element_type=\"section\" data-e-type=\"section\" data-settings=\"{&quot;background_background&quot;:&quot;classic&quot;}\">\n\t\t\t\t\t\t\t<div class=\"elementor-background-overlay\"><\/div>\n\t\t\t\t\t\t\t<div class=\"elementor-container elementor-column-gap-default\">\n\t\t\t\t\t<div class=\"elementor-column elementor-col-100 elementor-top-column elementor-element elementor-element-121d889f\" data-id=\"121d889f\" data-element_type=\"column\" data-e-type=\"column\">\n\t\t\t<div class=\"elementor-widget-wrap elementor-element-populated\">\n\t\t\t\t\t\t<div class=\"elementor-element elementor-element-5b08ce8 elementor-widget elementor-widget-heading\" data-id=\"5b08ce8\" data-element_type=\"widget\" data-e-type=\"widget\" data-widget_type=\"heading.default\">\n\t\t\t\t<div class=\"elementor-widget-container\">\n\t\t\t\t\t<h2 class=\"elementor-heading-title elementor-size-default\">Servicio de Urolog\u00eda y Androlog\u00eda Especialista<\/h2>\t\t\t\t<\/div>\n\t\t\t\t<\/div>\n\t\t\t\t<div class=\"elementor-element elementor-element-2f1810b8 elementor-widget elementor-widget-text-editor\" data-id=\"2f1810b8\" data-element_type=\"widget\" data-e-type=\"widget\" data-widget_type=\"text-editor.default\">\n\t\t\t\t<div class=\"elementor-widget-container\">\n\t\t\t\t\t\t\t\t\t<p>Estando a la vanguardia en la prestaci\u00f3n de un excelente soporte para varios tipos de tratamientos quir\u00fargicos y no quir\u00fargicos avanzados, Sublime Clinic ahora le ofrece soporte avanzado, conveniente y asequible para el tratamiento de especialistas en Urolog\u00eda y Androlog\u00eda.<\/p><p>Cubrimos una amplia gama de problemas de salud sexual y problemas urinarios de hombres y mujeres, diagnosticados y tratados por un m\u00e9dico experto en androlog\u00eda y urolog\u00eda, utilizando los mejores procedimientos m\u00e9dicos.<\/p>\t\t\t\t\t\t\t\t<\/div>\n\t\t\t\t<\/div>\n\t\t\t\t<div class=\"elementor-element elementor-element-5c8c027c elementor-widget__width-auto elementor-widget elementor-widget-button\" data-id=\"5c8c027c\" data-element_type=\"widget\" data-e-type=\"widget\" data-widget_type=\"button.default\">\n\t\t\t\t<div class=\"elementor-widget-container\">\n\t\t\t\t\t\t\t\t\t<div class=\"elementor-button-wrapper\">\n\t\t\t\t\t<a class=\"elementor-button elementor-button-link elementor-size-sm\" href=\"#elementor-action%3Aaction%3Dpopup%3Aopen%26settings%3DeyJpZCI6MzUyOTMsInRvZ2dsZSI6ZmFsc2V9\">\n\t\t\t\t\t\t<span class=\"elementor-button-content-wrapper\">\n\t\t\t\t\t\t\t\t\t<span class=\"elementor-button-text\">Contacto<\/span>\n\t\t\t\t\t<\/span>\n\t\t\t\t\t<\/a>\n\t\t\t\t<\/div>\n\t\t\t\t\t\t\t\t<\/div>\n\t\t\t\t<\/div>\n\t\t\t\t<div class=\"elementor-element elementor-element-682941ba animated-slow elementor-align-center elementor-invisible elementor-widget elementor-widget-lottie\" data-id=\"682941ba\" data-element_type=\"widget\" data-e-type=\"widget\" data-settings=\"{&quot;source&quot;:&quot;external_url&quot;,&quot;source_external_url&quot;:{&quot;url&quot;:&quot;https:\\\/\\\/assets9.lottiefiles.com\\\/private_files\\\/lf30_ul7SjW.json&quot;,&quot;is_external&quot;:&quot;&quot;,&quot;nofollow&quot;:&quot;&quot;,&quot;custom_attributes&quot;:&quot;&quot;},&quot;link_to&quot;:&quot;custom&quot;,&quot;loop&quot;:&quot;yes&quot;,&quot;play_speed&quot;:{&quot;unit&quot;:&quot;px&quot;,&quot;size&quot;:0.8000000000000000444089209850062616169452667236328125,&quot;sizes&quot;:[]},&quot;_animation&quot;:&quot;fadeInDown&quot;,&quot;_animation_delay&quot;:500,&quot;custom_link&quot;:{&quot;url&quot;:&quot;#jump&quot;,&quot;is_external&quot;:&quot;&quot;,&quot;nofollow&quot;:&quot;&quot;,&quot;custom_attributes&quot;:&quot;&quot;},&quot;trigger&quot;:&quot;arriving_to_viewport&quot;,&quot;viewport&quot;:{&quot;unit&quot;:&quot;%&quot;,&quot;size&quot;:&quot;&quot;,&quot;sizes&quot;:{&quot;start&quot;:0,&quot;end&quot;:100}},&quot;start_point&quot;:{&quot;unit&quot;:&quot;%&quot;,&quot;size&quot;:0,&quot;sizes&quot;:[]},&quot;end_point&quot;:{&quot;unit&quot;:&quot;%&quot;,&quot;size&quot;:100,&quot;sizes&quot;:[]},&quot;renderer&quot;:&quot;svg&quot;}\" data-widget_type=\"lottie.default\">\n\t\t\t\t<div class=\"elementor-widget-container\">\n\t\t\t\t\t<a class=\"e-lottie__container__link\" href=\"#jump\"><div class=\"e-lottie__container\"><div class=\"e-lottie__animation\"><\/div><\/div><\/a>\t\t\t\t<\/div>\n\t\t\t\t<\/div>\n\t\t\t\t\t<\/div>\n\t\t<\/div>\n\t\t\t\t\t<\/div>\n\t\t<\/section>\n\t\t\t\t<section class=\"elementor-section elementor-top-section elementor-element elementor-element-aa841ef elementor-section-boxed elementor-section-height-default elementor-section-height-default\" data-id=\"aa841ef\" data-element_type=\"section\" data-e-type=\"section\">\n\t\t\t\t\t\t<div class=\"elementor-container elementor-column-gap-default\">\n\t\t\t\t\t<div class=\"elementor-column elementor-col-100 elementor-top-column elementor-element elementor-element-4911288b\" data-id=\"4911288b\" data-element_type=\"column\" data-e-type=\"column\">\n\t\t\t<div class=\"elementor-widget-wrap elementor-element-populated\">\n\t\t\t\t\t\t<div class=\"elementor-element elementor-element-5cc3e46f elementor-widget elementor-widget-spacer\" data-id=\"5cc3e46f\" data-element_type=\"widget\" data-e-type=\"widget\" data-widget_type=\"spacer.default\">\n\t\t\t\t<div class=\"elementor-widget-container\">\n\t\t\t\t\t\t\t<div class=\"elementor-spacer\">\n\t\t\t<div class=\"elementor-spacer-inner\"><\/div>\n\t\t<\/div>\n\t\t\t\t\t\t<\/div>\n\t\t\t\t<\/div>\n\t\t\t\t\t<\/div>\n\t\t<\/div>\n\t\t\t\t\t<\/div>\n\t\t<\/section>\n\t\t\t\t<section class=\"elementor-section elementor-top-section elementor-element elementor-element-5a929a8c elementor-section-boxed elementor-section-height-default elementor-section-height-default\" data-id=\"5a929a8c\" data-element_type=\"section\" data-e-type=\"section\">\n\t\t\t\t\t\t<div class=\"elementor-container elementor-column-gap-default\">\n\t\t\t\t\t<div class=\"elementor-column elementor-col-100 elementor-top-column elementor-element elementor-element-5c70d10f\" data-id=\"5c70d10f\" data-element_type=\"column\" data-e-type=\"column\">\n\t\t\t<div class=\"elementor-widget-wrap elementor-element-populated\">\n\t\t\t\t\t\t<div class=\"elementor-element elementor-element-5af3a212 elementor-widget elementor-widget-text-editor\" data-id=\"5af3a212\" data-element_type=\"widget\" data-e-type=\"widget\" data-widget_type=\"text-editor.default\">\n\t\t\t\t<div class=\"elementor-widget-container\">\n\t\t\t\t\t\t\t\t\t<p><strong>M\u00e9dico de urolog\u00eda: consulta y tratamiento para una amplia gama de problemas de salud<\/strong><\/p><p>La urolog\u00eda es la rama de la ciencia m\u00e9dica que se ocupa de los problemas urinarios de ambos sexos, junto con los problemas reproductivos masculinos. La androlog\u00eda es la rama de la ciencia m\u00e9dica que se enfoca en los sistemas reproductivos masculinos.<\/p><p>Sublime Clinic sigue los protocolos europeos para el diagn\u00f3stico y tratamiento de problemas de salud sexual y urinaria. Personal m\u00e9dico calificado y capacitado cubre todo el proceso de los servicios de cirug\u00eda \u00edntima en una facilitaci\u00f3n m\u00e9dica de \u00faltima generaci\u00f3n, totalmente gestionada de principio a fin.<\/p>\t\t\t\t\t\t\t\t<\/div>\n\t\t\t\t<\/div>\n\t\t\t\t\t<\/div>\n\t\t<\/div>\n\t\t\t\t\t<\/div>\n\t\t<\/section>\n\t\t\t\t<section class=\"elementor-section elementor-top-section elementor-element elementor-element-7fe95af0 elementor-section-boxed elementor-section-height-default elementor-section-height-default\" data-id=\"7fe95af0\" data-element_type=\"section\" data-e-type=\"section\">\n\t\t\t\t\t\t<div class=\"elementor-container elementor-column-gap-default\">\n\t\t\t\t\t<div class=\"elementor-column elementor-col-100 elementor-top-column elementor-element elementor-element-7eddd7b0\" data-id=\"7eddd7b0\" data-element_type=\"column\" data-e-type=\"column\">\n\t\t\t<div class=\"elementor-widget-wrap elementor-element-populated\">\n\t\t\t\t\t\t<div class=\"elementor-element elementor-element-3c6a4d76 elementor-widget elementor-widget-heading\" data-id=\"3c6a4d76\" data-element_type=\"widget\" data-e-type=\"widget\" data-widget_type=\"heading.default\">\n\t\t\t\t<div class=\"elementor-widget-container\">\n\t\t\t\t\t<h2 class=\"elementor-heading-title elementor-size-default\">Servicios que puede aprovechar<\/h2>\t\t\t\t<\/div>\n\t\t\t\t<\/div>\n\t\t\t\t\t<\/div>\n\t\t<\/div>\n\t\t\t\t\t<\/div>\n\t\t<\/section>\n\t\t\t\t<section class=\"elementor-section elementor-top-section elementor-element elementor-element-21e5bd64 elementor-section-boxed elementor-section-height-default elementor-section-height-default\" data-id=\"21e5bd64\" data-element_type=\"section\" data-e-type=\"section\">\n\t\t\t\t\t\t<div class=\"elementor-container elementor-column-gap-default\">\n\t\t\t\t\t<div class=\"elementor-column elementor-col-100 elementor-top-column elementor-element elementor-element-25f8cad7\" data-id=\"25f8cad7\" data-element_type=\"column\" data-e-type=\"column\">\n\t\t\t<div class=\"elementor-widget-wrap elementor-element-populated\">\n\t\t\t\t\t\t<div class=\"elementor-element elementor-element-3afb8980 elementor-widget elementor-widget-text-editor\" data-id=\"3afb8980\" data-element_type=\"widget\" data-e-type=\"widget\" data-widget_type=\"text-editor.default\">\n\t\t\t\t<div class=\"elementor-widget-container\">\n\t\t\t\t\t\t\t\t\t<ul><li><strong>Tratamiento de la disfunci\u00f3n er\u00e9ctil mediante ondas de choque (ESWT) <\/strong>La terapia de ondas de choque extracorp\u00f3reas (ESWT) ayuda a activar el flujo sangu\u00edneo en el \u00e1rea aplicada, una terapia avanzada y altamente efectiva.<\/li><\/ul><p>\u00a0<\/p><ul><li><strong>Disfunci\u00f3n er\u00e9ctil usando otros m\u00e9todos<\/strong><\/li><li style=\"list-style-type: none;\"><ul><li style=\"list-style-type: none;\">P-Shot (PRP) es un procedimiento no quir\u00fargico efectivo, junto con el tratamiento con c\u00e9lulas madre tambi\u00e9n.<\/li><\/ul><\/li><\/ul><p>\u00a0<\/p><ul><li><strong>Ampliaci\u00f3n del pene<\/strong><\/li><li style=\"list-style-type: none;\"><ul><li style=\"list-style-type: none;\">Implementaci\u00f3n est\u00e9tica del pene para la ampliaci\u00f3n utilizando t\u00e9cnicas no quir\u00fargicas, as\u00ed como ingenier\u00eda de tejidos para proporcionar los resultados deseados.<\/li><\/ul><\/li><\/ul><p>\u00a0<\/p><ul><li><strong>Tratamiento de infertilidad<\/strong><\/li><li style=\"list-style-type: none;\"><ul><li style=\"list-style-type: none;\">Esto se hace usando una variedad de diferentes procedimientos m\u00e9dicos y terap\u00e9uticos.<\/li><\/ul><\/li><\/ul><p>\u00a0<\/p><ul><li><strong>Curvatura del pene (enfermedad de Peyronie)<\/strong><\/li><li style=\"list-style-type: none;\"><ul><li style=\"list-style-type: none;\">La curvatura cong\u00e9nita del pene se trata mediante un tratamiento quir\u00fargico, como la mejor soluci\u00f3n posible en comparaci\u00f3n con otros m\u00e9todos. La terapia con c\u00e9lulas madre tambi\u00e9n se usa para tratar la enfermedad de Peyronie.<\/li><\/ul><\/li><\/ul><p>\u00a0<\/p><ul><li><strong>Est\u00e9tica del pene<\/strong><\/li><li style=\"list-style-type: none;\"><ul><li style=\"list-style-type: none;\">Tambi\u00e9n conocida como plastia peneana, se aplica para alargar, engrosar o corregir la curvatura del pene.<\/li><\/ul><\/li><\/ul><p>\u00a0<\/p><ul><li><strong>Tratamiento de la eyaculaci\u00f3n precoz<\/strong><\/li><li style=\"list-style-type: none;\">Uno de los problemas sexuales m\u00e1s comunes que enfrentan los hombres a nivel mundial; aqu\u00ed encontrar\u00e1 el tratamiento m\u00e1s adecuado para curar su problema con una soluci\u00f3n duradera. Adem\u00e1s de lo mencionado anteriormente, tambi\u00e9n cubrimos una amplia gama de otros diagn\u00f3sticos y tratamientos, que incluyen cirug\u00eda \u00edntima, procedimientos no quir\u00fargicos, terapias y m\u00e1s. Estos incluyen insuficiencia venosa del pene, enfermedades de transmisi\u00f3n sexual, pr\u00f3tesis de pene, verrugas genitales por VPH, incontinencia urinaria, enfermedad de la uretra, prostatitis cr\u00f3nica y m\u00e1s.<\/li><\/ul>\t\t\t\t\t\t\t\t<\/div>\n\t\t\t\t<\/div>\n\t\t\t\t\t<\/div>\n\t\t<\/div>\n\t\t\t\t\t<\/div>\n\t\t<\/section>\n\t\t\t\t<section class=\"elementor-section elementor-top-section elementor-element elementor-element-2910792f elementor-section-boxed elementor-section-height-default elementor-section-height-default\" data-id=\"2910792f\" data-element_type=\"section\" data-e-type=\"section\">\n\t\t\t\t\t\t<div class=\"elementor-container elementor-column-gap-default\">\n\t\t\t\t\t<div class=\"elementor-column elementor-col-100 elementor-top-column elementor-element elementor-element-1f55f27a\" data-id=\"1f55f27a\" data-element_type=\"column\" data-e-type=\"column\">\n\t\t\t<div class=\"elementor-widget-wrap elementor-element-populated\">\n\t\t\t\t\t\t<div class=\"elementor-element elementor-element-4ddd33f elementor-widget elementor-widget-spacer\" data-id=\"4ddd33f\" data-element_type=\"widget\" data-e-type=\"widget\" data-widget_type=\"spacer.default\">\n\t\t\t\t<div class=\"elementor-widget-container\">\n\t\t\t\t\t\t\t<div class=\"elementor-spacer\">\n\t\t\t<div class=\"elementor-spacer-inner\"><\/div>\n\t\t<\/div>\n\t\t\t\t\t\t<\/div>\n\t\t\t\t<\/div>\n\t\t\t\t\t<\/div>\n\t\t<\/div>\n\t\t\t\t\t<\/div>\n\t\t<\/section>\n\t\t\t\t<section class=\"elementor-section elementor-top-section elementor-element elementor-element-25566bae elementor-section-boxed elementor-section-height-default elementor-section-height-default\" data-id=\"25566bae\" data-element_type=\"section\" data-e-type=\"section\" data-settings=\"{&quot;background_background&quot;:&quot;classic&quot;}\">\n\t\t\t\t\t\t<div class=\"elementor-container elementor-column-gap-default\">\n\t\t\t\t\t<div class=\"elementor-column elementor-col-100 elementor-top-column elementor-element elementor-element-28a9499b\" data-id=\"28a9499b\" data-element_type=\"column\" data-e-type=\"column\">\n\t\t\t<div class=\"elementor-widget-wrap elementor-element-populated\">\n\t\t\t\t\t\t<div class=\"elementor-element elementor-element-234c6462 elementor-widget elementor-widget-heading\" data-id=\"234c6462\" data-element_type=\"widget\" data-e-type=\"widget\" data-widget_type=\"heading.default\">\n\t\t\t\t<div class=\"elementor-widget-container\">\n\t\t\t\t\t<h2 class=\"elementor-heading-title elementor-size-default\">Tratamientos de Androlog\u00eda y Urolog\u00eda Espec\u00edficos a lo que Usted Requiere<\/h2>\t\t\t\t<\/div>\n\t\t\t\t<\/div>\n\t\t\t\t<div class=\"elementor-element elementor-element-162ab5be elementor-widget elementor-widget-text-editor\" data-id=\"162ab5be\" data-element_type=\"widget\" data-e-type=\"widget\" data-widget_type=\"text-editor.default\">\n\t\t\t\t<div class=\"elementor-widget-container\">\n\t\t\t\t\t\t\t\t\t<p>Salud reproductiva masculina, salud sexual, est\u00e9tica genital, salud sexual de la mujer y m\u00e1s: el destacado m\u00e9dico de urolog\u00eda ofrece una soluci\u00f3n avanzada e integral mediante procedimientos continuos que brindan beneficios duraderos con un impacto negativo insignificante.<\/p><p>\u00a1Consulta Ahora a Cl\u00ednica Sublime para Agendar Tu Cita para Tratamiento de Androlog\u00eda y Urolog\u00eda de la mano del Especialista!<\/p>\t\t\t\t\t\t\t\t<\/div>\n\t\t\t\t<\/div>\n\t\t\t\t\t<\/div>\n\t\t<\/div>\n\t\t\t\t\t<\/div>\n\t\t<\/section>\n\t\t\t\t<\/div>\n\t\t","protected":false},"excerpt":{"rendered":"<p>Servicio de Urolog\u00eda y Androlog\u00eda Especialista Estando a la vanguardia en la prestaci\u00f3n de un excelente soporte para varios tipos de tratamientos quir\u00fargicos y no quir\u00fargicos avanzados, Sublime Clinic ahora le ofrece soporte avanzado, conveniente y asequible para el tratamiento de especialistas en Urolog\u00eda y Androlog\u00eda. Cubrimos una amplia gama de problemas de salud sexual [&hellip;]<\/p>\n","protected":false},"author":2,"featured_media":0,"parent":0,"menu_order":0,"comment_status":"closed","ping_status":"closed","template":"","meta":{"footnotes":""},"class_list":["post-39401","page","type-page","status-publish","hentry"],"yoast_head":"<!-- This site is optimized with the Yoast SEO plugin v27.2 - https:\/\/yoast.com\/product\/yoast-seo-wordpress\/ -->\n<title>Surgery and Intimate Care - Sublime<\/title>\n<meta name=\"robots\" content=\"index, follow, max-snippet:-1, max-image-preview:large, max-video-preview:-1\" \/>\n<link rel=\"canonical\" href=\"https:\/\/www.sublime-clinic.com\/es\/surgery-and-intimate-care\/\" \/>\n<meta property=\"og:locale\" content=\"es_ES\" \/>\n<meta property=\"og:type\" content=\"article\" \/>\n<meta property=\"og:title\" content=\"Surgery and Intimate Care - Sublime\" \/>\n<meta property=\"og:description\" content=\"Servicio de Urolog\u00eda y Androlog\u00eda Especialista Estando a la vanguardia en la prestaci\u00f3n de un excelente soporte para varios tipos de tratamientos quir\u00fargicos y no quir\u00fargicos avanzados, Sublime Clinic ahora le ofrece soporte avanzado, conveniente y asequible para el tratamiento de especialistas en Urolog\u00eda y Androlog\u00eda. Cubrimos una amplia gama de problemas de salud sexual [&hellip;]\" \/>\n<meta property=\"og:url\" content=\"https:\/\/www.sublime-clinic.com\/es\/surgery-and-intimate-care\/\" \/>\n<meta property=\"og:site_name\" content=\"Sublime\" \/>\n<meta property=\"article:modified_time\" content=\"2023-05-31T06:12:55+00:00\" \/>\n<meta name=\"twitter:card\" content=\"summary_large_image\" \/>\n<meta name=\"twitter:label1\" content=\"Tiempo de lectura\" \/>\n\t<meta name=\"twitter:data1\" content=\"3 minutos\" \/>\n<script type=\"application\/ld+json\" class=\"yoast-schema-graph\">{\"@context\":\"https:\/\/schema.org\",\"@graph\":[{\"@type\":\"WebPage\",\"@id\":\"https:\/\/www.sublime-clinic.com\/es\/surgery-and-intimate-care\/\",\"url\":\"https:\/\/www.sublime-clinic.com\/es\/surgery-and-intimate-care\/\",\"name\":\"Surgery and Intimate Care - Sublime\",\"isPartOf\":{\"@id\":\"https:\/\/www.sublime-clinic.com\/es\/#website\"},\"datePublished\":\"2023-03-02T12:38:26+00:00\",\"dateModified\":\"2023-05-31T06:12:55+00:00\",\"breadcrumb\":{\"@id\":\"https:\/\/www.sublime-clinic.com\/es\/surgery-and-intimate-care\/#breadcrumb\"},\"inLanguage\":\"es\",\"potentialAction\":[{\"@type\":\"ReadAction\",\"target\":[\"https:\/\/www.sublime-clinic.com\/es\/surgery-and-intimate-care\/\"]}]},{\"@type\":\"BreadcrumbList\",\"@id\":\"https:\/\/www.sublime-clinic.com\/es\/surgery-and-intimate-care\/#breadcrumb\",\"itemListElement\":[{\"@type\":\"ListItem\",\"position\":1,\"name\":\"Home\",\"item\":\"https:\/\/www.sublime-clinic.com\/es\/\"},{\"@type\":\"ListItem\",\"position\":2,\"name\":\"Surgery and Intimate Care\"}]},{\"@type\":\"WebSite\",\"@id\":\"https:\/\/www.sublime-clinic.com\/es\/#website\",\"url\":\"https:\/\/www.sublime-clinic.com\/es\/\",\"name\":\"Sublime\",\"description\":\"Specialist Clinic\",\"publisher\":{\"@id\":\"https:\/\/www.sublime-clinic.com\/es\/#organization\"},\"potentialAction\":[{\"@type\":\"SearchAction\",\"target\":{\"@type\":\"EntryPoint\",\"urlTemplate\":\"https:\/\/www.sublime-clinic.com\/es\/?s={search_term_string}\"},\"query-input\":{\"@type\":\"PropertyValueSpecification\",\"valueRequired\":true,\"valueName\":\"search_term_string\"}}],\"inLanguage\":\"es\"},{\"@type\":\"Organization\",\"@id\":\"https:\/\/www.sublime-clinic.com\/es\/#organization\",\"name\":\"Sublime Clinic\",\"url\":\"https:\/\/www.sublime-clinic.com\/es\/\",\"logo\":{\"@type\":\"ImageObject\",\"inLanguage\":\"es\",\"@id\":\"https:\/\/www.sublime-clinic.com\/es\/#\/schema\/logo\/image\/\",\"url\":\"https:\/\/www.sublime-clinic.com\/wp-content\/uploads\/2022\/06\/logo-sublime-clinic.png\",\"contentUrl\":\"https:\/\/www.sublime-clinic.com\/wp-content\/uploads\/2022\/06\/logo-sublime-clinic.png\",\"width\":900,\"height\":794,\"caption\":\"Sublime Clinic\"},\"image\":{\"@id\":\"https:\/\/www.sublime-clinic.com\/es\/#\/schema\/logo\/image\/\"}}]}<\/script>\n<!-- \/ Yoast SEO plugin. -->","yoast_head_json":{"title":"Surgery and Intimate Care - Sublime","robots":{"index":"index","follow":"follow","max-snippet":"max-snippet:-1","max-image-preview":"max-image-preview:large","max-video-preview":"max-video-preview:-1"},"canonical":"https:\/\/www.sublime-clinic.com\/es\/surgery-and-intimate-care\/","og_locale":"es_ES","og_type":"article","og_title":"Surgery and Intimate Care - Sublime","og_description":"Servicio de Urolog\u00eda y Androlog\u00eda Especialista Estando a la vanguardia en la prestaci\u00f3n de un excelente soporte para varios tipos de tratamientos quir\u00fargicos y no quir\u00fargicos avanzados, Sublime Clinic ahora le ofrece soporte avanzado, conveniente y asequible para el tratamiento de especialistas en Urolog\u00eda y Androlog\u00eda. Cubrimos una amplia gama de problemas de salud sexual [&hellip;]","og_url":"https:\/\/www.sublime-clinic.com\/es\/surgery-and-intimate-care\/","og_site_name":"Sublime","article_modified_time":"2023-05-31T06:12:55+00:00","twitter_card":"summary_large_image","twitter_misc":{"Tiempo de lectura":"3 minutos"},"schema":{"@context":"https:\/\/schema.org","@graph":[{"@type":"WebPage","@id":"https:\/\/www.sublime-clinic.com\/es\/surgery-and-intimate-care\/","url":"https:\/\/www.sublime-clinic.com\/es\/surgery-and-intimate-care\/","name":"Surgery and Intimate Care - Sublime","isPartOf":{"@id":"https:\/\/www.sublime-clinic.com\/es\/#website"},"datePublished":"2023-03-02T12:38:26+00:00","dateModified":"2023-05-31T06:12:55+00:00","breadcrumb":{"@id":"https:\/\/www.sublime-clinic.com\/es\/surgery-and-intimate-care\/#breadcrumb"},"inLanguage":"es","potentialAction":[{"@type":"ReadAction","target":["https:\/\/www.sublime-clinic.com\/es\/surgery-and-intimate-care\/"]}]},{"@type":"BreadcrumbList","@id":"https:\/\/www.sublime-clinic.com\/es\/surgery-and-intimate-care\/#breadcrumb","itemListElement":[{"@type":"ListItem","position":1,"name":"Home","item":"https:\/\/www.sublime-clinic.com\/es\/"},{"@type":"ListItem","position":2,"name":"Surgery and Intimate Care"}]},{"@type":"WebSite","@id":"https:\/\/www.sublime-clinic.com\/es\/#website","url":"https:\/\/www.sublime-clinic.com\/es\/","name":"Sublime","description":"Specialist Clinic","publisher":{"@id":"https:\/\/www.sublime-clinic.com\/es\/#organization"},"potentialAction":[{"@type":"SearchAction","target":{"@type":"EntryPoint","urlTemplate":"https:\/\/www.sublime-clinic.com\/es\/?s={search_term_string}"},"query-input":{"@type":"PropertyValueSpecification","valueRequired":true,"valueName":"search_term_string"}}],"inLanguage":"es"},{"@type":"Organization","@id":"https:\/\/www.sublime-clinic.com\/es\/#organization","name":"Sublime Clinic","url":"https:\/\/www.sublime-clinic.com\/es\/","logo":{"@type":"ImageObject","inLanguage":"es","@id":"https:\/\/www.sublime-clinic.com\/es\/#\/schema\/logo\/image\/","url":"https:\/\/www.sublime-clinic.com\/wp-content\/uploads\/2022\/06\/logo-sublime-clinic.png","contentUrl":"https:\/\/www.sublime-clinic.com\/wp-content\/uploads\/2022\/06\/logo-sublime-clinic.png","width":900,"height":794,"caption":"Sublime Clinic"},"image":{"@id":"https:\/\/www.sublime-clinic.com\/es\/#\/schema\/logo\/image\/"}}]}},"_links":{"self":[{"href":"https:\/\/www.sublime-clinic.com\/es\/wp-json\/wp\/v2\/pages\/39401","targetHints":{"allow":["GET"]}}],"collection":[{"href":"https:\/\/www.sublime-clinic.com\/es\/wp-json\/wp\/v2\/pages"}],"about":[{"href":"https:\/\/www.sublime-clinic.com\/es\/wp-json\/wp\/v2\/types\/page"}],"author":[{"embeddable":true,"href":"https:\/\/www.sublime-clinic.com\/es\/wp-json\/wp\/v2\/users\/2"}],"replies":[{"embeddable":true,"href":"https:\/\/www.sublime-clinic.com\/es\/wp-json\/wp\/v2\/comments?post=39401"}],"version-history":[{"count":5,"href":"https:\/\/www.sublime-clinic.com\/es\/wp-json\/wp\/v2\/pages\/39401\/revisions"}],"predecessor-version":[{"id":39991,"href":"https:\/\/www.sublime-clinic.com\/es\/wp-json\/wp\/v2\/pages\/39401\/revisions\/39991"}],"wp:attachment":[{"href":"https:\/\/www.sublime-clinic.com\/es\/wp-json\/wp\/v2\/media?parent=39401"}],"curies":[{"name":"wp","href":"https:\/\/api.w.org\/{rel}","templated":true}]}}