{"id":35199,"date":"2022-05-23T12:46:27","date_gmt":"2022-05-23T10:46:27","guid":{"rendered":"https:\/\/sublime-clinic.ch\/contactar\/"},"modified":"2025-12-17T09:26:30","modified_gmt":"2025-12-17T08:26:30","slug":"contactar","status":"publish","type":"page","link":"https:\/\/www.sublime-clinic.com\/es\/contactar\/","title":{"rendered":"Contacto"},"content":{"rendered":"\t\t<div data-elementor-type=\"wp-page\" data-elementor-id=\"35199\" class=\"elementor elementor-35199 elementor-28882\" data-elementor-post-type=\"page\">\n\t\t\t\t\t\t<section class=\"elementor-section elementor-top-section elementor-element elementor-element-597f5a8 elementor-section-full_width elementor-section-height-min-height elementor-section-items-stretch elementor-section-height-default\" data-id=\"597f5a8\" data-element_type=\"section\" data-e-type=\"section\">\n\t\t\t\t\t\t<div class=\"elementor-container elementor-column-gap-no\">\n\t\t\t\t\t<div class=\"elementor-column elementor-col-100 elementor-top-column elementor-element elementor-element-ebc8844\" data-id=\"ebc8844\" data-element_type=\"column\" data-e-type=\"column\">\n\t\t\t<div class=\"elementor-widget-wrap elementor-element-populated\">\n\t\t\t\t\t\t<div class=\"elementor-element elementor-element-549a6f2 elementor-widget elementor-widget-text-editor\" data-id=\"549a6f2\" data-element_type=\"widget\" data-e-type=\"widget\" data-widget_type=\"text-editor.default\">\n\t\t\t\t<div class=\"elementor-widget-container\">\n\t\t\t\t\t\t\t\t\t<p><iframe style=\"border: 0;\" src=\"https:\/\/www.google.com\/maps\/embed?pb=!1m18!1m12!1m3!1d3592.3533901130786!2d-80.13950172459855!3d25.791912977333023!2m3!1f0!2f0!3f0!3m2!1i1024!2i768!4f13.1!3m3!1m2!1s0x88d9b5729841924b%3A0xf09cc7b2ef2a83d9!2sSublime%20Specialist%20Clinic!5e0!3m2!1sen!2sin!4v1748424442018!5m2!1sen!2sin\" width=\"600\" height=\"400\" allowfullscreen=\"allowfullscreen\"><span style=\"display: inline-block; width: 0px; overflow: hidden; line-height: 0;\" data-mce-type=\"bookmark\" class=\"mce_SELRES_start\">\ufeff<\/span><\/iframe><\/p>\t\t\t\t\t\t\t\t<\/div>\n\t\t\t\t<\/div>\n\t\t\t\t\t<\/div>\n\t\t<\/div>\n\t\t\t\t\t<\/div>\n\t\t<\/section>\n\t\t\t\t<section class=\"elementor-section elementor-top-section elementor-element elementor-element-1c704a5 elementor-section-content-middle elementor-section-boxed elementor-section-height-default elementor-section-height-default\" data-id=\"1c704a5\" data-element_type=\"section\" data-e-type=\"section\" data-settings=\"{&quot;background_background&quot;:&quot;classic&quot;}\">\n\t\t\t\t\t\t\t<div class=\"elementor-background-overlay\"><\/div>\n\t\t\t\t\t\t\t<div class=\"elementor-container elementor-column-gap-default\">\n\t\t\t\t\t<div class=\"elementor-column elementor-col-50 elementor-top-column elementor-element elementor-element-407991c\" data-id=\"407991c\" data-element_type=\"column\" data-e-type=\"column\" data-settings=\"{&quot;background_background&quot;:&quot;classic&quot;}\">\n\t\t\t<div class=\"elementor-widget-wrap elementor-element-populated\">\n\t\t\t\t\t\t<div class=\"elementor-element elementor-element-edbbd36 elementor-widget elementor-widget-heading\" data-id=\"edbbd36\" data-element_type=\"widget\" data-e-type=\"widget\" data-widget_type=\"heading.default\">\n\t\t\t\t<div class=\"elementor-widget-container\">\n\t\t\t\t\t<span class=\"elementor-heading-title elementor-size-default\">Contacto<\/span>\t\t\t\t<\/div>\n\t\t\t\t<\/div>\n\t\t\t\t<div class=\"elementor-element elementor-element-878d105 elementor-widget elementor-widget-heading\" data-id=\"878d105\" data-element_type=\"widget\" data-e-type=\"widget\" data-widget_type=\"heading.default\">\n\t\t\t\t<div class=\"elementor-widget-container\">\n\t\t\t\t\t<h2 class=\"elementor-heading-title elementor-size-default\">Cont\u00e1ctanos<\/h2>\t\t\t\t<\/div>\n\t\t\t\t<\/div>\n\t\t\t\t<div class=\"elementor-element elementor-element-a759f59 elementor-widget elementor-widget-text-editor\" data-id=\"a759f59\" data-element_type=\"widget\" data-e-type=\"widget\" data-widget_type=\"text-editor.default\">\n\t\t\t\t<div class=\"elementor-widget-container\">\n\t\t\t\t\t\t\t\t\t<p>\u00bfSue\u00f1as con sentirte mejor con tu cuerpo y disfrutar de las riquezas culturales de un extraordinario pa\u00eds? Cont\u00e1ctanos y haz tu sue\u00f1o realidad.<\/p>\n\t\t\t\t\t\t\t\t<\/div>\n\t\t\t\t<\/div>\n\t\t\t\t<div class=\"elementor-element elementor-element-dcf7eff elementor-button-align-stretch elementor-widget elementor-widget-form\" data-id=\"dcf7eff\" data-element_type=\"widget\" data-e-type=\"widget\" data-settings=\"{&quot;step_next_label&quot;:&quot;Siguiente&quot;,&quot;step_previous_label&quot;:&quot;Anterior&quot;,&quot;button_width&quot;:&quot;100&quot;,&quot;step_type&quot;:&quot;number_text&quot;,&quot;step_icon_shape&quot;:&quot;circle&quot;}\" data-widget_type=\"form.default\">\n\t\t\t\t<div class=\"elementor-widget-container\">\n\t\t\t\t\t\t\t<form class=\"elementor-form\" method=\"post\" name=\"Nuevo Formulario\" aria-label=\"Nuevo Formulario\">\n\t\t\t<input type=\"hidden\" name=\"post_id\" value=\"35199\"\/>\n\t\t\t<input type=\"hidden\" name=\"form_id\" value=\"dcf7eff\"\/>\n\t\t\t<input type=\"hidden\" name=\"referer_title\" value=\"Contacto - Sublime\" \/>\n\n\t\t\t\t\t\t\t<input type=\"hidden\" name=\"queried_id\" value=\"35199\"\/>\n\t\t\t\n\t\t\t<div class=\"elementor-form-fields-wrapper elementor-labels-\">\n\t\t\t\t\t\t\t\t<div class=\"elementor-field-type-text elementor-field-group elementor-column elementor-field-group-name elementor-col-50 elementor-field-required\">\n\t\t\t\t\t\t\t\t\t\t\t\t<label for=\"form-field-name\" class=\"elementor-field-label elementor-screen-only\">\n\t\t\t\t\t\t\t\tApellido\t\t\t\t\t\t\t<\/label>\n\t\t\t\t\t\t\t\t\t\t\t\t\t\t<input size=\"1\" type=\"text\" name=\"form_fields[name]\" id=\"form-field-name\" class=\"elementor-field elementor-size-sm  elementor-field-textual\" placeholder=\"Apellido *\" required=\"required\">\n\t\t\t\t\t\t\t\t\t\t\t<\/div>\n\t\t\t\t\t\t\t\t<div class=\"elementor-field-type-text elementor-field-group elementor-column elementor-field-group-field_7679ec1 elementor-col-50\">\n\t\t\t\t\t\t\t\t\t\t\t\t<label for=\"form-field-field_7679ec1\" class=\"elementor-field-label elementor-screen-only\">\n\t\t\t\t\t\t\t\tNombre\t\t\t\t\t\t\t<\/label>\n\t\t\t\t\t\t\t\t\t\t\t\t\t\t<input size=\"1\" type=\"text\" name=\"form_fields[field_7679ec1]\" id=\"form-field-field_7679ec1\" class=\"elementor-field elementor-size-sm  elementor-field-textual\" placeholder=\"Nombre\">\n\t\t\t\t\t\t\t\t\t\t\t<\/div>\n\t\t\t\t\t\t\t\t<div class=\"elementor-field-type-tel elementor-field-group elementor-column elementor-field-group-email elementor-col-50\">\n\t\t\t\t\t\t\t\t\t\t\t\t<label for=\"form-field-email\" class=\"elementor-field-label elementor-screen-only\">\n\t\t\t\t\t\t\t\tTel\u00e9fono\t\t\t\t\t\t\t<\/label>\n\t\t\t\t\t\t\t\t<input size=\"1\" type=\"tel\" name=\"form_fields[email]\" id=\"form-field-email\" class=\"elementor-field elementor-size-sm  elementor-field-textual\" placeholder=\"Tel\u00e9fono\" pattern=\"[0-9()#&amp;+*-=.]+\" title=\"Solo se aceptan n\u00fameros y caracteres de tel\u00e9fono (#,-,*,etc).\">\n\n\t\t\t\t\t\t<\/div>\n\t\t\t\t\t\t\t\t<div class=\"elementor-field-type-email elementor-field-group elementor-column elementor-field-group-field_905751a elementor-col-50 elementor-field-required\">\n\t\t\t\t\t\t\t\t\t\t\t\t<label for=\"form-field-field_905751a\" class=\"elementor-field-label elementor-screen-only\">\n\t\t\t\t\t\t\t\tCorreo electr\u00f3nico\t\t\t\t\t\t\t<\/label>\n\t\t\t\t\t\t\t\t\t\t\t\t\t\t<input size=\"1\" type=\"email\" name=\"form_fields[field_905751a]\" id=\"form-field-field_905751a\" class=\"elementor-field elementor-size-sm  elementor-field-textual\" placeholder=\"Correo electr\u00f3nico *\" required=\"required\">\n\t\t\t\t\t\t\t\t\t\t\t<\/div>\n\t\t\t\t\t\t\t\t<div class=\"elementor-field-type-textarea elementor-field-group elementor-column elementor-field-group-message elementor-col-100\">\n\t\t\t\t\t\t\t\t\t\t\t\t<label for=\"form-field-message\" class=\"elementor-field-label elementor-screen-only\">\n\t\t\t\t\t\t\t\tMensaje\t\t\t\t\t\t\t<\/label>\n\t\t\t\t\t\t<textarea class=\"elementor-field-textual elementor-field  elementor-size-sm\" name=\"form_fields[message]\" id=\"form-field-message\" rows=\"4\" placeholder=\"Mensaje\"><\/textarea>\t\t\t\t<\/div>\n\t\t\t\t\t\t\t\t<div class=\"elementor-field-type-recaptcha_v3 elementor-field-group elementor-column elementor-field-group-field_b06746c elementor-col-100 recaptcha_v3-bottomright\">\n\t\t\t\t\t<div class=\"elementor-field\" id=\"form-field-field_b06746c\"><div class=\"elementor-g-recaptcha\" data-sitekey=\"6LclgD4qAAAAAMkA0LlOJPf-o0n8JayxTB-i_coZ\" data-type=\"v3\" data-action=\"Form\" data-badge=\"bottomright\" data-size=\"invisible\"><\/div><\/div>\t\t\t\t<\/div>\n\t\t\t\t\t\t\t\t<div class=\"elementor-field-type-text\">\n\t\t\t\t\t<input size=\"1\" type=\"text\" name=\"form_fields[field_2b5c2e6]\" id=\"form-field-field_2b5c2e6\" class=\"elementor-field elementor-size-sm \" style=\"display:none !important;\">\t\t\t\t<\/div>\n\t\t\t\t\t\t\t\t<div class=\"elementor-field-group elementor-column elementor-field-type-submit elementor-col-100 e-form__buttons\">\n\t\t\t\t\t<button class=\"elementor-button elementor-size-sm\" type=\"submit\">\n\t\t\t\t\t\t<span class=\"elementor-button-content-wrapper\">\n\t\t\t\t\t\t\t\t\t\t\t\t\t\t\t\t\t\t\t\t\t\t<span class=\"elementor-button-text\">ENVIAR<\/span>\n\t\t\t\t\t\t\t\t\t\t\t\t\t<\/span>\n\t\t\t\t\t<\/button>\n\t\t\t\t<\/div>\n\t\t\t<\/div>\n\t\t<\/form>\n\t\t\t\t\t\t<\/div>\n\t\t\t\t<\/div>\n\t\t\t\t\t<\/div>\n\t\t<\/div>\n\t\t\t\t<div class=\"elementor-column elementor-col-50 elementor-top-column elementor-element elementor-element-85e31b1\" data-id=\"85e31b1\" data-element_type=\"column\" data-e-type=\"column\" data-settings=\"{&quot;background_background&quot;:&quot;classic&quot;}\">\n\t\t\t<div class=\"elementor-widget-wrap elementor-element-populated\">\n\t\t\t\t\t\t<div class=\"elementor-element elementor-element-6e25aea elementor-icon-list--layout-traditional elementor-list-item-link-full_width elementor-widget elementor-widget-icon-list\" data-id=\"6e25aea\" data-element_type=\"widget\" data-e-type=\"widget\" data-widget_type=\"icon-list.default\">\n\t\t\t\t<div class=\"elementor-widget-container\">\n\t\t\t\t\t\t\t<ul class=\"elementor-icon-list-items\">\n\t\t\t\t\t\t\t<li class=\"elementor-icon-list-item\">\n\t\t\t\t\t\t\t\t\t\t\t<a href=\"mailto:info@sublime-clinic.com\">\n\n\t\t\t\t\t\t\t\t\t\t\t\t<span class=\"elementor-icon-list-icon\">\n\t\t\t\t\t\t\t<i aria-hidden=\"true\" class=\"sublime_icon sublime_icon-007-email\"><\/i>\t\t\t\t\t\t<\/span>\n\t\t\t\t\t\t\t\t\t\t<span class=\"elementor-icon-list-text\">info@sublime-clinic.com<\/span>\n\t\t\t\t\t\t\t\t\t\t\t<\/a>\n\t\t\t\t\t\t\t\t\t<\/li>\n\t\t\t\t\t\t\t\t<li class=\"elementor-icon-list-item\">\n\t\t\t\t\t\t\t\t\t\t\t<a href=\"tel:+1%20(786)%20835-1677\">\n\n\t\t\t\t\t\t\t\t\t\t\t\t<span class=\"elementor-icon-list-icon\">\n\t\t\t\t\t\t\t<i aria-hidden=\"true\" class=\"sublime_icon sublime_icon-013-phone-call\"><\/i>\t\t\t\t\t\t<\/span>\n\t\t\t\t\t\t\t\t\t\t<span class=\"elementor-icon-list-text\">+1 (786) 835-1677<\/span>\n\t\t\t\t\t\t\t\t\t\t\t<\/a>\n\t\t\t\t\t\t\t\t\t<\/li>\n\t\t\t\t\t\t\t\t<li class=\"elementor-icon-list-item\">\n\t\t\t\t\t\t\t\t\t\t\t<a href=\"https:\/\/www.sublime-clinic.com\/fr\/contact\/\">\n\n\t\t\t\t\t\t\t\t\t\t\t\t<span class=\"elementor-icon-list-icon\">\n\t\t\t\t\t\t\t<i aria-hidden=\"true\" class=\"sublime_icon sublime_icon-002-placeholder\"><\/i>\t\t\t\t\t\t<\/span>\n\t\t\t\t\t\t\t\t\t\t<span class=\"elementor-icon-list-text\">Sede: 1688 Meridian Ave, Miami Beach, FL 33139, United States<\/span>\n\t\t\t\t\t\t\t\t\t\t\t<\/a>\n\t\t\t\t\t\t\t\t\t<\/li>\n\t\t\t\t\t\t<\/ul>\n\t\t\t\t\t\t<\/div>\n\t\t\t\t<\/div>\n\t\t\t\t<div class=\"elementor-element elementor-element-b482130 elementor-position-left elementor-vertical-align-middle elementor-widget elementor-widget-image-box\" data-id=\"b482130\" data-element_type=\"widget\" data-e-type=\"widget\" data-widget_type=\"image-box.default\">\n\t\t\t\t<div class=\"elementor-widget-container\">\n\t\t\t\t\t<div class=\"elementor-image-box-wrapper\"><figure class=\"elementor-image-box-img\"><img decoding=\"async\" src=\"https:\/\/www.sublime-clinic.com\/wp-content\/uploads\/elementor\/thumbs\/usa-flaf-img-150x105-1-r4dpv7lt97i0zo9ccdjb0ik2u4e0tqj6bj6lf9fu3w.png\" title=\"usa-flaf-img-150&#215;105\" alt=\"usa-flaf-img-150x105\" loading=\"lazy\" \/><\/figure><div class=\"elementor-image-box-content\"><div class=\"elementor-image-box-title\">Estados Unidos<\/div><\/div><\/div>\t\t\t\t<\/div>\n\t\t\t\t<\/div>\n\t\t\t\t\t<\/div>\n\t\t<\/div>\n\t\t\t\t\t<\/div>\n\t\t<\/section>\n\t\t\t\t<section class=\"elementor-section elementor-top-section elementor-element elementor-element-9c9e96c elementor-section-boxed elementor-section-height-default elementor-section-height-default\" data-id=\"9c9e96c\" data-element_type=\"section\" data-e-type=\"section\">\n\t\t\t\t\t\t<div class=\"elementor-container elementor-column-gap-default\">\n\t\t\t\t\t<div class=\"elementor-column elementor-col-100 elementor-top-column elementor-element elementor-element-7b1d0a3\" data-id=\"7b1d0a3\" data-element_type=\"column\" data-e-type=\"column\">\n\t\t\t<div class=\"elementor-widget-wrap\">\n\t\t\t\t\t\t\t<\/div>\n\t\t<\/div>\n\t\t\t\t\t<\/div>\n\t\t<\/section>\n\t\t\t\t<\/div>\n\t\t","protected":false},"excerpt":{"rendered":"<p>\ufeff Contacto Cont\u00e1ctanos \u00bfSue\u00f1as con sentirte mejor con tu cuerpo y disfrutar de las riquezas culturales de un extraordinario pa\u00eds? Cont\u00e1ctanos y haz tu sue\u00f1o realidad. info@sublime-clinic.com +1 (786) 835-1677 Sede: 1688 Meridian Ave, Miami Beach, FL 33139, United States Estados Unidos<\/p>\n","protected":false},"author":1,"featured_media":0,"parent":0,"menu_order":0,"comment_status":"closed","ping_status":"closed","template":"","meta":{"footnotes":""},"class_list":["post-35199","page","type-page","status-publish","hentry"],"yoast_head":"<!-- This site is optimized with the Yoast SEO plugin v27.2 - https:\/\/yoast.com\/product\/yoast-seo-wordpress\/ -->\n<title>Contacto - Sublime<\/title>\n<meta name=\"robots\" content=\"index, follow, max-snippet:-1, max-image-preview:large, max-video-preview:-1\" \/>\n<link rel=\"canonical\" href=\"https:\/\/www.sublime-clinic.com\/es\/contactar\/\" \/>\n<meta property=\"og:locale\" content=\"es_ES\" \/>\n<meta property=\"og:type\" content=\"article\" \/>\n<meta property=\"og:title\" content=\"Contacto - Sublime\" \/>\n<meta property=\"og:description\" content=\"\ufeff Contacto Cont\u00e1ctanos \u00bfSue\u00f1as con sentirte mejor con tu cuerpo y disfrutar de las riquezas culturales de un extraordinario pa\u00eds? Cont\u00e1ctanos y haz tu sue\u00f1o realidad. info@sublime-clinic.com +1 (786) 835-1677 Sede: 1688 Meridian Ave, Miami Beach, FL 33139, United States Estados Unidos\" \/>\n<meta property=\"og:url\" content=\"https:\/\/www.sublime-clinic.com\/es\/contactar\/\" \/>\n<meta property=\"og:site_name\" content=\"Sublime\" \/>\n<meta property=\"article:modified_time\" content=\"2025-12-17T08:26:30+00:00\" \/>\n<meta property=\"og:image\" content=\"https:\/\/www.sublime-clinic.com\/wp-content\/uploads\/elementor\/thumbs\/usa-flaf-img-150x105-1-r4dpv7lt97i0zo9ccdjb0ik2u4e0tqj6bj6lf9fu3w.png\" \/>\n<meta name=\"twitter:card\" content=\"summary_large_image\" \/>\n<script type=\"application\/ld+json\" class=\"yoast-schema-graph\">{\"@context\":\"https:\/\/schema.org\",\"@graph\":[{\"@type\":\"WebPage\",\"@id\":\"https:\/\/www.sublime-clinic.com\/es\/contactar\/\",\"url\":\"https:\/\/www.sublime-clinic.com\/es\/contactar\/\",\"name\":\"Contacto - Sublime\",\"isPartOf\":{\"@id\":\"https:\/\/www.sublime-clinic.com\/es\/#website\"},\"primaryImageOfPage\":{\"@id\":\"https:\/\/www.sublime-clinic.com\/es\/contactar\/#primaryimage\"},\"image\":{\"@id\":\"https:\/\/www.sublime-clinic.com\/es\/contactar\/#primaryimage\"},\"thumbnailUrl\":\"https:\/\/www.sublime-clinic.com\/wp-content\/uploads\/elementor\/thumbs\/usa-flaf-img-150x105-1-r4dpv7lt97i0zo9ccdjb0ik2u4e0tqj6bj6lf9fu3w.png\",\"datePublished\":\"2022-05-23T10:46:27+00:00\",\"dateModified\":\"2025-12-17T08:26:30+00:00\",\"breadcrumb\":{\"@id\":\"https:\/\/www.sublime-clinic.com\/es\/contactar\/#breadcrumb\"},\"inLanguage\":\"es\",\"potentialAction\":[{\"@type\":\"ReadAction\",\"target\":[\"https:\/\/www.sublime-clinic.com\/es\/contactar\/\"]}]},{\"@type\":\"ImageObject\",\"inLanguage\":\"es\",\"@id\":\"https:\/\/www.sublime-clinic.com\/es\/contactar\/#primaryimage\",\"url\":\"https:\/\/www.sublime-clinic.com\/wp-content\/uploads\/elementor\/thumbs\/usa-flaf-img-150x105-1-r4dpv7lt97i0zo9ccdjb0ik2u4e0tqj6bj6lf9fu3w.png\",\"contentUrl\":\"https:\/\/www.sublime-clinic.com\/wp-content\/uploads\/elementor\/thumbs\/usa-flaf-img-150x105-1-r4dpv7lt97i0zo9ccdjb0ik2u4e0tqj6bj6lf9fu3w.png\"},{\"@type\":\"BreadcrumbList\",\"@id\":\"https:\/\/www.sublime-clinic.com\/es\/contactar\/#breadcrumb\",\"itemListElement\":[{\"@type\":\"ListItem\",\"position\":1,\"name\":\"Home\",\"item\":\"https:\/\/www.sublime-clinic.com\/es\/\"},{\"@type\":\"ListItem\",\"position\":2,\"name\":\"Contacto\"}]},{\"@type\":\"WebSite\",\"@id\":\"https:\/\/www.sublime-clinic.com\/es\/#website\",\"url\":\"https:\/\/www.sublime-clinic.com\/es\/\",\"name\":\"Sublime\",\"description\":\"Specialist Clinic\",\"publisher\":{\"@id\":\"https:\/\/www.sublime-clinic.com\/es\/#organization\"},\"potentialAction\":[{\"@type\":\"SearchAction\",\"target\":{\"@type\":\"EntryPoint\",\"urlTemplate\":\"https:\/\/www.sublime-clinic.com\/es\/?s={search_term_string}\"},\"query-input\":{\"@type\":\"PropertyValueSpecification\",\"valueRequired\":true,\"valueName\":\"search_term_string\"}}],\"inLanguage\":\"es\"},{\"@type\":\"Organization\",\"@id\":\"https:\/\/www.sublime-clinic.com\/es\/#organization\",\"name\":\"Sublime Clinic\",\"url\":\"https:\/\/www.sublime-clinic.com\/es\/\",\"logo\":{\"@type\":\"ImageObject\",\"inLanguage\":\"es\",\"@id\":\"https:\/\/www.sublime-clinic.com\/es\/#\/schema\/logo\/image\/\",\"url\":\"https:\/\/www.sublime-clinic.com\/wp-content\/uploads\/2022\/06\/logo-sublime-clinic.png\",\"contentUrl\":\"https:\/\/www.sublime-clinic.com\/wp-content\/uploads\/2022\/06\/logo-sublime-clinic.png\",\"width\":900,\"height\":794,\"caption\":\"Sublime Clinic\"},\"image\":{\"@id\":\"https:\/\/www.sublime-clinic.com\/es\/#\/schema\/logo\/image\/\"}}]}<\/script>\n<!-- \/ Yoast SEO plugin. -->","yoast_head_json":{"title":"Contacto - Sublime","robots":{"index":"index","follow":"follow","max-snippet":"max-snippet:-1","max-image-preview":"max-image-preview:large","max-video-preview":"max-video-preview:-1"},"canonical":"https:\/\/www.sublime-clinic.com\/es\/contactar\/","og_locale":"es_ES","og_type":"article","og_title":"Contacto - Sublime","og_description":"\ufeff Contacto Cont\u00e1ctanos \u00bfSue\u00f1as con sentirte mejor con tu cuerpo y disfrutar de las riquezas culturales de un extraordinario pa\u00eds? Cont\u00e1ctanos y haz tu sue\u00f1o realidad. info@sublime-clinic.com +1 (786) 835-1677 Sede: 1688 Meridian Ave, Miami Beach, FL 33139, United States Estados Unidos","og_url":"https:\/\/www.sublime-clinic.com\/es\/contactar\/","og_site_name":"Sublime","article_modified_time":"2025-12-17T08:26:30+00:00","og_image":[{"url":"https:\/\/www.sublime-clinic.com\/wp-content\/uploads\/elementor\/thumbs\/usa-flaf-img-150x105-1-r4dpv7lt97i0zo9ccdjb0ik2u4e0tqj6bj6lf9fu3w.png","type":"","width":"","height":""}],"twitter_card":"summary_large_image","schema":{"@context":"https:\/\/schema.org","@graph":[{"@type":"WebPage","@id":"https:\/\/www.sublime-clinic.com\/es\/contactar\/","url":"https:\/\/www.sublime-clinic.com\/es\/contactar\/","name":"Contacto - Sublime","isPartOf":{"@id":"https:\/\/www.sublime-clinic.com\/es\/#website"},"primaryImageOfPage":{"@id":"https:\/\/www.sublime-clinic.com\/es\/contactar\/#primaryimage"},"image":{"@id":"https:\/\/www.sublime-clinic.com\/es\/contactar\/#primaryimage"},"thumbnailUrl":"https:\/\/www.sublime-clinic.com\/wp-content\/uploads\/elementor\/thumbs\/usa-flaf-img-150x105-1-r4dpv7lt97i0zo9ccdjb0ik2u4e0tqj6bj6lf9fu3w.png","datePublished":"2022-05-23T10:46:27+00:00","dateModified":"2025-12-17T08:26:30+00:00","breadcrumb":{"@id":"https:\/\/www.sublime-clinic.com\/es\/contactar\/#breadcrumb"},"inLanguage":"es","potentialAction":[{"@type":"ReadAction","target":["https:\/\/www.sublime-clinic.com\/es\/contactar\/"]}]},{"@type":"ImageObject","inLanguage":"es","@id":"https:\/\/www.sublime-clinic.com\/es\/contactar\/#primaryimage","url":"https:\/\/www.sublime-clinic.com\/wp-content\/uploads\/elementor\/thumbs\/usa-flaf-img-150x105-1-r4dpv7lt97i0zo9ccdjb0ik2u4e0tqj6bj6lf9fu3w.png","contentUrl":"https:\/\/www.sublime-clinic.com\/wp-content\/uploads\/elementor\/thumbs\/usa-flaf-img-150x105-1-r4dpv7lt97i0zo9ccdjb0ik2u4e0tqj6bj6lf9fu3w.png"},{"@type":"BreadcrumbList","@id":"https:\/\/www.sublime-clinic.com\/es\/contactar\/#breadcrumb","itemListElement":[{"@type":"ListItem","position":1,"name":"Home","item":"https:\/\/www.sublime-clinic.com\/es\/"},{"@type":"ListItem","position":2,"name":"Contacto"}]},{"@type":"WebSite","@id":"https:\/\/www.sublime-clinic.com\/es\/#website","url":"https:\/\/www.sublime-clinic.com\/es\/","name":"Sublime","description":"Specialist Clinic","publisher":{"@id":"https:\/\/www.sublime-clinic.com\/es\/#organization"},"potentialAction":[{"@type":"SearchAction","target":{"@type":"EntryPoint","urlTemplate":"https:\/\/www.sublime-clinic.com\/es\/?s={search_term_string}"},"query-input":{"@type":"PropertyValueSpecification","valueRequired":true,"valueName":"search_term_string"}}],"inLanguage":"es"},{"@type":"Organization","@id":"https:\/\/www.sublime-clinic.com\/es\/#organization","name":"Sublime Clinic","url":"https:\/\/www.sublime-clinic.com\/es\/","logo":{"@type":"ImageObject","inLanguage":"es","@id":"https:\/\/www.sublime-clinic.com\/es\/#\/schema\/logo\/image\/","url":"https:\/\/www.sublime-clinic.com\/wp-content\/uploads\/2022\/06\/logo-sublime-clinic.png","contentUrl":"https:\/\/www.sublime-clinic.com\/wp-content\/uploads\/2022\/06\/logo-sublime-clinic.png","width":900,"height":794,"caption":"Sublime Clinic"},"image":{"@id":"https:\/\/www.sublime-clinic.com\/es\/#\/schema\/logo\/image\/"}}]}},"_links":{"self":[{"href":"https:\/\/www.sublime-clinic.com\/es\/wp-json\/wp\/v2\/pages\/35199","targetHints":{"allow":["GET"]}}],"collection":[{"href":"https:\/\/www.sublime-clinic.com\/es\/wp-json\/wp\/v2\/pages"}],"about":[{"href":"https:\/\/www.sublime-clinic.com\/es\/wp-json\/wp\/v2\/types\/page"}],"author":[{"embeddable":true,"href":"https:\/\/www.sublime-clinic.com\/es\/wp-json\/wp\/v2\/users\/1"}],"replies":[{"embeddable":true,"href":"https:\/\/www.sublime-clinic.com\/es\/wp-json\/wp\/v2\/comments?post=35199"}],"version-history":[{"count":5,"href":"https:\/\/www.sublime-clinic.com\/es\/wp-json\/wp\/v2\/pages\/35199\/revisions"}],"predecessor-version":[{"id":45033,"href":"https:\/\/www.sublime-clinic.com\/es\/wp-json\/wp\/v2\/pages\/35199\/revisions\/45033"}],"wp:attachment":[{"href":"https:\/\/www.sublime-clinic.com\/es\/wp-json\/wp\/v2\/media?parent=35199"}],"curies":[{"name":"wp","href":"https:\/\/api.w.org\/{rel}","templated":true}]}}